{"id":185,"date":"2015-06-17T06:22:56","date_gmt":"2015-06-17T06:22:56","guid":{"rendered":"http:\/\/demo.themegrill.com\/colormag\/?page_id=185"},"modified":"2023-03-02T14:43:55","modified_gmt":"2023-03-02T14:43:55","slug":"right-sidebar","status":"publish","type":"page","link":"https:\/\/teatroloselementos.cult.cu\/index.php\/right-sidebar\/","title":{"rendered":"Historia"},"content":{"rendered":"<p>Historia<\/p>\n<p>Teatro de los Elementos hoy es una compa\u00f1\u00eda teatral, integrada por actores egresados de la Escuela Nacional de Instructores de Teatro (EIA) y el Instituto Superior de Artes (ISA) en el a\u00f1o 1991.Muchos \u00a0fueron \u201cdescubiertos\u201d a nuestro paso y tomados como \u201cdisc\u00edpulos\u201d durante \u201cel viaje\u201d por las comunidades: Ellos lograron apropiarse de importantes conceptos antropol\u00f3gicos, una praxis teatral aplicada a la transformaci\u00f3n comunitaria, modernas t\u00e9cnicas actorales retomadas de las m\u00e1s valerosas escuelas y tendencias; convirti\u00e9ndose no solo en \u201cactores\u201d capaces de interpretar diferentes roles esc\u00e9nicos , sino en \u201cgestores culturales\u201d ,que desde la artesan\u00eda del teatro, aportan roles transformadores de la vida \u00a0de los seres humanos.<\/p>\n<p>La experiencia inicial ocurre en el a\u00f1o 1991, en un barrio perif\u00e9rico de Ciudad Habana nombrado \u201cEl Romerillo\u201d, a solo una decena de cuadras de la Universidad de las Artes. Su primer espect\u00e1culo fue un performance sobre la convivencia de sus vecinos, todos emigrados desde diferentes sitios del pa\u00eds hacia la periferia de la capital, donde construyeron un \u201cBarrio de Invasi\u00f3n\u201d. Aqu\u00ed aparece el primer texto teatral, nombrado\u00a0<strong>Tres brujas, una compa\u00f1\u00eda y un barrio con nombre de flor,<\/strong>\u00a0donde se abordan de manera divertida los acuciantes problemas sociales del improvisado vecindario.<\/p>\n<p>El segundo trabajo,\u00a0<strong>Historias de Jacksonville<\/strong>, trascurre en el a\u00f1o 1992 en la costa sur de la Isla de Pinos (conocida hoy como isla de la juventud).El grupo permanece por cuatro meses habitando un albergue de pescadores frente al mar, recibiendo sus vientos alisios y del terral, el influjo permanente de los astros; en un poblado de campesinos, carboneros y pescadores envuelto en la leyenda .Su aislamiento propicia la creaci\u00f3n de un laboratorio comunitario , donde se exploran las posibilidades psicof\u00edsicas del actor y el crecimiento de sus potencialidades, mediante rigurosos entrenamientos al aire libre. Todo ello fundamenta adem\u00e1s una propuesta cultural integradora, que parte de la investigaci\u00f3n social. La creaci\u00f3n colectiva se convierte en un instrumento imprescindible en la mayor\u00eda de los espect\u00e1culos.En esta convivencia el poeta \u00a0Norge Espinosa , entonces alumno, propone nombrar al colectivo Teatro de los Elementos, pues aire, agua, tierra y fuego, permit\u00edan transitar hacia el redescubrimiento de rituales ancestrales, esencias del hombre como ser originario.<\/p>\n<p>En el a\u00f1o 1993 el escritor Joel James Figarola, director de la Casa del Caribe en la provincia de Santiago de Cuba, invita al colectivo a trabajar con la comunidad de Barrancas, compuesta mayoritariamente por inmigrantes haitianos venidos con sus amos franceses despu\u00e9s del estallido de la revoluci\u00f3n de Hait\u00ed. La convivencia con este reducto de afrodesendientes , devolvi\u00f3 la vida al mito de Macand\u00e1l: Empleando danzas, cantos y rezos en lengua \u201ccreole\u201d surge el espect\u00e1culo, \u201d<strong>Mackandal Sauve<\/strong>\u201d, un desgarrado canto de homenaje a sus antepasados; donde ellos mismos fueron\u00a0<a href=\"http:\/\/www.teatroloselementos.cult.cu\/los-actores\/\">los actores<\/a>\u00a0protagonistas.<\/p>\n<p>El arribo a Cumanayagua en 1995, permiti\u00f3 trabajar en una sala teatral y culminar el nomadismo. En esta etapa se gesta la pieza de creaci\u00f3n colectiva\u00a0<strong>Inmigrantes,<\/strong>\u00a0que marco un hito en la creaci\u00f3n, pues permiti\u00f3 trasladar el proceso de investigaci\u00f3n y aprendizaje construido durante \u201cel camino\u201d por las comunidades , al escenario de convenci\u00f3n italiana.<\/p>\n<p>En 1996 el Ministro de Cultura gestiona el usufructo de una finca , que hab\u00eda sido propiedad de inmigrantes canarios, padres y abuelos del director. Este afincamiento en una zona rural convierte al colectivo en una comunidad estable: construye casas al estilo del campesino, emplea t\u00e9cnicas de agricultura sostenible, explora la energ\u00eda renovable; todo ello gracias a la colaboraci\u00f3n de la Fundaci\u00f3n Antonio N\u00fa\u00f1ez Jim\u00e9nez de la Naturaleza y el Hombre. En esta etapa se construye el anfiteatro de piedras y tres \u00a0ranchones tradicionales, donde se representan espect\u00e1culos de creaci\u00f3n colectiva y de autores cubanos \u00a0del\u00a0<a href=\"http:\/\/www.teatroloselementos.cult.cu\/repertorio\/\">repertorio<\/a>\u00a0universal; sin dejar de trabajar siempre con miras al rescate y revitalizaci\u00f3n de los mitos y tradiciones que conforman nuestra memoria rural.<\/p>\n<p>El colectivo acciona esencialmente en zonas monta\u00f1osas de\u00a0 la cordillera de Guhamuaya , conocidas como\u00a0<strong>Plan Turquino<\/strong>, comunidades y asentamientos de la pre monta\u00f1a y en el propio poblado de Cumanayagua; acompa\u00f1ando la vida cultural del municipio y la provincia , oportunidad que le propicia fortalecer su imagen participando en diferentes\u00a0<a href=\"http:\/\/www.teatroloselementos.cult.cu\/giras\/\">giras<\/a>\u00a0nacionales e internacionales, festivales, adquiriendo protagonismo en m\u00faltiples galas y efem\u00e9rides que marcaron pautas en los diferentes momentos pol\u00edticos trascendentales de la naci\u00f3n; lo que evidentemente ha prestigiado su desempe\u00f1o a lo largo de m\u00e1s de una veintena de a\u00f1os.<\/p>\n<p>os\u201d durante \u201cel viaje\u201d por las comunidades: Ellos lograron apropiarse de importantes conceptos antropol\u00f3gicos, una praxis teatral aplicada a la transformaci\u00f3n comunitaria, modernas t\u00e9cnicas actorales retomadas de las m\u00e1s valerosas escuelas y tendencias; convirti\u00e9ndose no solo en \u201cactores\u201d capaces de interpretar diferentes roles esc\u00e9nicos , sino en \u201cgestores culturales\u201d ,que desde la artesan\u00eda del teatro, aportan roles transformadores de la vida \u00a0de los seres humanos.<\/p>\n<p>La experiencia inicial ocurre en el a\u00f1o 1991, en un barrio perif\u00e9rico de Ciudad Habana nombrado \u201cEl Romerillo\u201d, a solo una decena de cuadras de la Universidad de las Artes. Su primer espect\u00e1culo fue un performance sobre la convivencia de sus vecinos, todos emigrados desde diferentes sitios del pa\u00eds hacia la periferia de la capital, donde construyeron un \u201cBarrio de Invasi\u00f3n\u201d. Aqu\u00ed aparece el primer texto teatral, nombrado\u00a0<strong>Tres brujas, una compa\u00f1\u00eda y un barrio con nombre de flor,<\/strong>\u00a0donde se abordan de manera divertida los acuciantes problemas sociales del improvisado vecindario.<\/p>\n<p>El segundo trabajo,\u00a0<strong>Historias de Jacksonville<\/strong>, trascurre en el a\u00f1o 1992 en la costa sur de la Isla de Pinos (conocida hoy como isla de la juventud).El grupo permanece por cuatro meses habitando un albergue de pescadores frente al mar, recibiendo sus vientos alisios y del terral, el influjo permanente de los astros; en un poblado de campesinos, carboneros y pescadores envuelto en la leyenda .Su aislamiento propicia la creaci\u00f3n de un laboratorio comunitario , donde se exploran las posibilidades psicof\u00edsicas del actor y el crecimiento de sus potencialidades, mediante rigurosos entrenamientos al aire libre. Todo ello fundamenta adem\u00e1s una propuesta cultural integradora, que parte de la investigaci\u00f3n social. La creaci\u00f3n colectiva se convierte en un instrumento imprescindible en la mayor\u00eda de los espect\u00e1culos.En esta convivencia el poeta \u00a0Norge Espinosa , entonces alumno, propone nombrar al colectivo Teatro de los Elementos, pues aire, agua, tierra y fuego, permit\u00edan transitar hacia el redescubrimiento de rituales ancestrales, esencias del hombre como ser originario.<\/p>\n<p>En el a\u00f1o 1993 el escritor Joel James Figarola, director de la Casa del Caribe en la provincia de Santiago de Cuba, invita al colectivo a trabajar con la comunidad de Barrancas, compuesta mayoritariamente por inmigrantes haitianos venidos con sus amos franceses despu\u00e9s del estallido de la revoluci\u00f3n de Hait\u00ed. La convivencia con este reducto de afrodesendientes , devolvi\u00f3 la vida al mito de Macand\u00e1l: Empleando danzas, cantos y rezos en lengua \u201ccreole\u201d surge el espect\u00e1culo, \u201d<strong>Mackandal Sauve<\/strong>\u201d, un desgarrado canto de homenaje a sus antepasados; donde ellos mismos fueron\u00a0<a href=\"http:\/\/www.teatroloselementos.cult.cu\/los-actores\/\">los actores<\/a>\u00a0protagonistas.<\/p>\n<p>El arribo a Cumanayagua en 1995, permiti\u00f3 trabajar en una sala teatral y culminar el nomadismo. En esta etapa se gesta la pieza de creaci\u00f3n colectiva\u00a0<strong>Inmigrantes,<\/strong>\u00a0que marco un hito en la creaci\u00f3n, pues permiti\u00f3 trasladar el proceso de investigaci\u00f3n y aprendizaje construido durante \u201cel camino\u201d por las comunidades , al escenario de convenci\u00f3n italiana.<\/p>\n<p>En 1996 el Ministro de Cultura gestiona el usufructo de una finca , que hab\u00eda sido propiedad de inmigrantes canarios, padres y abuelos del director. Este afincamiento en una zona rural convierte al colectivo en una comunidad estable: construye casas al estilo del campesino, emplea t\u00e9cnicas de agricultura sostenible, explora la energ\u00eda renovable; todo ello gracias a la colaboraci\u00f3n de la Fundaci\u00f3n Antonio N\u00fa\u00f1ez Jim\u00e9nez de la Naturaleza y el Hombre. En esta etapa se construye el anfiteatro de piedras y tres \u00a0ranchones tradicionales, donde se representan espect\u00e1culos de creaci\u00f3n colectiva y de autores cubanos \u00a0del\u00a0<a href=\"http:\/\/www.teatroloselementos.cult.cu\/repertorio\/\">repertorio<\/a>\u00a0universal; sin dejar de trabajar siempre con miras al rescate y revitalizaci\u00f3n de los mitos y tradiciones que conforman nuestra memoria rural.<\/p>\n<p>El colectivo acciona esencialmente en zonas monta\u00f1osas de\u00a0 la cordillera de Guhamuaya , conocidas como\u00a0<strong>Plan Turquino<\/strong>, comunidades y asentamientos de la pre monta\u00f1a y en el propio poblado de Cumanayagua; acompa\u00f1ando la vida cultural del municipio y la provincia , oportunidad que le propicia fortalecer su imagen participando en diferentes\u00a0<a href=\"http:\/\/www.teatroloselementos.cult.cu\/giras\/\">giras<\/a>\u00a0nacionales e internacionales, festivales, adquiriendo protagonismo en m\u00faltiples galas y efem\u00e9rides que marcaron pautas en los diferentes momentos pol\u00edticos trascendentales de la naci\u00f3n; lo que evidentemente ha prestigiado su desempe\u00f1o a lo largo de m\u00e1s de una veintena de a\u00f1os.<\/p>\n<p>apropiarse de importantes conceptos antropol\u00f3gicos, una praxis teatral aplicada a la transformaci\u00f3n comunitaria, modernas t\u00e9cnicas actorales retomadas de las mas valerosas escuelas y tendencias; convirti\u00e9ndose no solo en \u201cactores\u201d capaces de interpretar diferentes roles esc\u00e9nicos , sino en \u201cgestores culturales\u201d ,que desde la magia y artesan\u00eda del teatro, aportaron roles transformadores de vida al recorrido fundacional.<\/p>\n<p>La experiencia inicial ocurre en el a\u00f1o 1991, en un barrio perif\u00e9rico de Ciudad Habana nombrado \u201cEl Romerillo\u201d, a solo una decena de cuadras de la Universidad de las Artes. Su primer espect\u00e1culo fue un performance sobre la convivencia de sus vecinos, todos emigrados desde diferentes sitios del pa\u00eds hacia la periferia de la capital, donde construyeron un \u201cBarrio de Invasi\u00f3n\u201d. Aqu\u00ed aparece el primer texto teatral, nombrado\u00a0<strong>Tres brujas, una compa\u00f1\u00eda y un barrio con nombre de flor,<\/strong>\u00a0donde se abordan de manera divertida los acuciantes problemas sociales del improvisado vecindario.<\/p>\n<p>El segundo trabajo,\u00a0<strong>Historias de Jacksonville<\/strong>, trascurre en el a\u00f1o 1992 en la costa sur de la Isla de Pinos (conocida hoy como isla de la juventud).El grupo permanece por cuatro meses habitando un albergue de pescadores frente al mar, recibiendo sus vientos alisios y del terral, el influjo permanente de los astros; en un poblado de campesinos, carboneros y pescadores envuelto en la leyenda .Su aislamiento propicia la creaci\u00f3n de un laboratorio comunitario , donde se exploran las posibilidades psicof\u00edsicas del actor y el crecimiento de sus potencialidades, mediante rigurosos entrenamientos al aire libre. Todo ello fundamenta adem\u00e1s una propuesta cultural integradora, que parte de la investigaci\u00f3n social. La creaci\u00f3n colectiva se convierte en un instrumento imprescindible en la mayor\u00eda de los espect\u00e1culos.En esta convivencia el poeta cubano Norge Espinosa , entonces alumno, propone nombrar al colectivo Teatro de los Elementos, pues aire, agua, tierra y fuego, permit\u00edan transitar hacia el redescubrimiento de rituales ancestrales, esencias del hombre como ser originario.<\/p>\n<p>En el a\u00f1o 1993 el escritor Joel James Figarola, director de la Casa del Caribe en la provincia de Santiago de Cuba, invita al colectivo a trabajar con la comunidad de Barrancas, compuesta mayoritariamente por inmigrantes haitianos venidos con sus amos franceses despu\u00e9s del estallido de la revoluci\u00f3n de Hait\u00ed. La convivencia con este reducto de afrodesendientes , devolvi\u00f3 la vida al mito de Macand\u00e1l: Empleando danzas, cantos y rezos en lengua \u201ccreole\u201d surge el espect\u00e1culo, \u201d<strong>Mackandal Sauve<\/strong>\u201d, un desgarrado canto de homenaje a sus antepasados; donde ellos mismos fueron\u00a0<a href=\"http:\/\/www.teatroloselementos.cult.cu\/los-actores\/\">los actores<\/a>\u00a0protagonistas.<\/p>\n<p>El arribo a Cumanayagua en 1995, permiti\u00f3 trabajar en una sala teatral y culminar el nomadismo. En esta etapa se gesta la pieza de creaci\u00f3n colectiva\u00a0<strong>Inmigrantes,<\/strong>\u00a0que marco un hito en la creaci\u00f3n, pues permiti\u00f3 trasladar el proceso de investigaci\u00f3n y aprendizaje construido durante \u201cel camino\u201d por las comunidades , al escenario de convenci\u00f3n italiana.<\/p>\n<p>En 1996 el Ministro de Cultura gestiona el usufructo de una finca , que hab\u00eda sido propiedad de inmigrantes canarios, padres y abuelos del director. Este afincamiento en una zona rural convierte al colectivo en una comunidad estable: construye casas al estilo del campesino, emplea t\u00e9cnicas de agricultura sostenible, explora la energ\u00eda renovable; todo ello gracias a la colaboraci\u00f3n de la Fundaci\u00f3n Antonio N\u00fa\u00f1ez Jim\u00e9nez de la Naturaleza y el Hombre. En esta etapa se construye el anfiteatro de piedras y ranch\u00f3nes tradicionales, donde se representan espect\u00e1culos de creaci\u00f3n colectiva y de autores cl\u00e1sicos del\u00a0<a href=\"http:\/\/www.teatroloselementos.cult.cu\/repertorio\/\">repertorio<\/a>\u00a0universal y cubano ; sin dejar de trabajar siempre con miras al rescate y revitalizaci\u00f3n de los mitos y tradiciones que conforman nuestra memoria rural.<\/p>\n<p>El colectivo acciona esencialmente en zonas monta\u00f1osas de de la cordillera de Guhamuaya , conocidas como\u00a0<strong>Plan Turquino<\/strong>, comunidades y asentamientos de la pre monta\u00f1a y en el propio poblado de Cumanayagua; acompa\u00f1ando la vida cultural del municipio y la provincia , oportunidad que le propicia fortalecer su imagen participando en diferentes\u00a0<a href=\"http:\/\/www.teatroloselementos.cult.cu\/giras\/\">giras<\/a>\u00a0nacionales e internacionales, festivales, adquiriendo protagonismo en m\u00faltiples galas y efem\u00e9rides que marcaron pautas en los diferentes momentos pol\u00edticos trascendentales de la naci\u00f3n; lo que evidentemente ha prestigiado su desempe\u00f1o a lo largo de m\u00e1s de una veintena de a\u00f1os.<\/p>\n","protected":false},"excerpt":{"rendered":"<p>Historia Teatro de los Elementos hoy es una compa\u00f1\u00eda teatral, integrada por actores egresados de la Escuela Nacional de Instructores<\/p>\n","protected":false},"author":1,"featured_media":0,"parent":0,"menu_order":0,"comment_status":"closed","ping_status":"closed","template":"","meta":{"footnotes":""},"class_list":["post-185","page","type-page","status-publish","hentry"],"yoast_head":"<!-- This site is optimized with the Yoast SEO plugin v20.9 - https:\/\/yoast.com\/wordpress\/plugins\/seo\/ -->\n<title>Historia - Teatro de los Elementos<\/title>\n<meta name=\"robots\" content=\"index, follow, max-snippet:-1, max-image-preview:large, max-video-preview:-1\" \/>\n<link rel=\"canonical\" href=\"https:\/\/teatroloselementos.cult.cu\/index.php\/right-sidebar\/\" \/>\n<meta property=\"og:locale\" content=\"es_ES\" \/>\n<meta property=\"og:type\" content=\"article\" \/>\n<meta property=\"og:title\" content=\"Historia - Teatro de los Elementos\" \/>\n<meta property=\"og:description\" content=\"Historia Teatro de los Elementos hoy es una compa\u00f1\u00eda teatral, integrada por actores egresados de la Escuela Nacional de Instructores\" \/>\n<meta property=\"og:url\" content=\"https:\/\/teatroloselementos.cult.cu\/index.php\/right-sidebar\/\" \/>\n<meta property=\"og:site_name\" content=\"Teatro de los Elementos\" \/>\n<meta property=\"article:modified_time\" content=\"2023-03-02T14:43:55+00:00\" \/>\n<meta name=\"twitter:card\" content=\"summary_large_image\" \/>\n<meta name=\"twitter:label1\" content=\"Tiempo de lectura\" \/>\n\t<meta name=\"twitter:data1\" content=\"10 minutos\" \/>\n<script type=\"application\/ld+json\" class=\"yoast-schema-graph\">{\"@context\":\"https:\/\/schema.org\",\"@graph\":[{\"@type\":\"WebPage\",\"@id\":\"https:\/\/teatroloselementos.cult.cu\/index.php\/right-sidebar\/\",\"url\":\"https:\/\/teatroloselementos.cult.cu\/index.php\/right-sidebar\/\",\"name\":\"Historia - Teatro de los Elementos\",\"isPartOf\":{\"@id\":\"https:\/\/teatroloselementos.cult.cu\/#website\"},\"datePublished\":\"2015-06-17T06:22:56+00:00\",\"dateModified\":\"2023-03-02T14:43:55+00:00\",\"breadcrumb\":{\"@id\":\"https:\/\/teatroloselementos.cult.cu\/index.php\/right-sidebar\/#breadcrumb\"},\"inLanguage\":\"es\",\"potentialAction\":[{\"@type\":\"ReadAction\",\"target\":[\"https:\/\/teatroloselementos.cult.cu\/index.php\/right-sidebar\/\"]}]},{\"@type\":\"BreadcrumbList\",\"@id\":\"https:\/\/teatroloselementos.cult.cu\/index.php\/right-sidebar\/#breadcrumb\",\"itemListElement\":[{\"@type\":\"ListItem\",\"position\":1,\"name\":\"Portada\",\"item\":\"https:\/\/teatroloselementos.cult.cu\/\"},{\"@type\":\"ListItem\",\"position\":2,\"name\":\"Historia\"}]},{\"@type\":\"WebSite\",\"@id\":\"https:\/\/teatroloselementos.cult.cu\/#website\",\"url\":\"https:\/\/teatroloselementos.cult.cu\/\",\"name\":\"Teatro de los Elementos\",\"description\":\"\",\"publisher\":{\"@id\":\"https:\/\/teatroloselementos.cult.cu\/#organization\"},\"potentialAction\":[{\"@type\":\"SearchAction\",\"target\":{\"@type\":\"EntryPoint\",\"urlTemplate\":\"https:\/\/teatroloselementos.cult.cu\/?s={search_term_string}\"},\"query-input\":\"required name=search_term_string\"}],\"inLanguage\":\"es\"},{\"@type\":\"Organization\",\"@id\":\"https:\/\/teatroloselementos.cult.cu\/#organization\",\"name\":\"Teatro de los Elementos\",\"url\":\"https:\/\/teatroloselementos.cult.cu\/\",\"logo\":{\"@type\":\"ImageObject\",\"inLanguage\":\"es\",\"@id\":\"https:\/\/teatroloselementos.cult.cu\/#\/schema\/logo\/image\/\",\"url\":\"https:\/\/teatroloselementos.cult.cu\/wp-content\/uploads\/2022\/11\/baner-2.jpg\",\"contentUrl\":\"https:\/\/teatroloselementos.cult.cu\/wp-content\/uploads\/2022\/11\/baner-2.jpg\",\"width\":1100,\"height\":200,\"caption\":\"Teatro de los  Elementos\"},\"image\":{\"@id\":\"https:\/\/teatroloselementos.cult.cu\/#\/schema\/logo\/image\/\"}}]}<\/script>\n<!-- \/ Yoast SEO plugin. -->","yoast_head_json":{"title":"Historia - Teatro de los Elementos","robots":{"index":"index","follow":"follow","max-snippet":"max-snippet:-1","max-image-preview":"max-image-preview:large","max-video-preview":"max-video-preview:-1"},"canonical":"https:\/\/teatroloselementos.cult.cu\/index.php\/right-sidebar\/","og_locale":"es_ES","og_type":"article","og_title":"Historia - Teatro de los Elementos","og_description":"Historia Teatro de los Elementos hoy es una compa\u00f1\u00eda teatral, integrada por actores egresados de la Escuela Nacional de Instructores","og_url":"https:\/\/teatroloselementos.cult.cu\/index.php\/right-sidebar\/","og_site_name":"Teatro de los Elementos","article_modified_time":"2023-03-02T14:43:55+00:00","twitter_card":"summary_large_image","twitter_misc":{"Tiempo de lectura":"10 minutos"},"schema":{"@context":"https:\/\/schema.org","@graph":[{"@type":"WebPage","@id":"https:\/\/teatroloselementos.cult.cu\/index.php\/right-sidebar\/","url":"https:\/\/teatroloselementos.cult.cu\/index.php\/right-sidebar\/","name":"Historia - Teatro de los Elementos","isPartOf":{"@id":"https:\/\/teatroloselementos.cult.cu\/#website"},"datePublished":"2015-06-17T06:22:56+00:00","dateModified":"2023-03-02T14:43:55+00:00","breadcrumb":{"@id":"https:\/\/teatroloselementos.cult.cu\/index.php\/right-sidebar\/#breadcrumb"},"inLanguage":"es","potentialAction":[{"@type":"ReadAction","target":["https:\/\/teatroloselementos.cult.cu\/index.php\/right-sidebar\/"]}]},{"@type":"BreadcrumbList","@id":"https:\/\/teatroloselementos.cult.cu\/index.php\/right-sidebar\/#breadcrumb","itemListElement":[{"@type":"ListItem","position":1,"name":"Portada","item":"https:\/\/teatroloselementos.cult.cu\/"},{"@type":"ListItem","position":2,"name":"Historia"}]},{"@type":"WebSite","@id":"https:\/\/teatroloselementos.cult.cu\/#website","url":"https:\/\/teatroloselementos.cult.cu\/","name":"Teatro de los Elementos","description":"","publisher":{"@id":"https:\/\/teatroloselementos.cult.cu\/#organization"},"potentialAction":[{"@type":"SearchAction","target":{"@type":"EntryPoint","urlTemplate":"https:\/\/teatroloselementos.cult.cu\/?s={search_term_string}"},"query-input":"required name=search_term_string"}],"inLanguage":"es"},{"@type":"Organization","@id":"https:\/\/teatroloselementos.cult.cu\/#organization","name":"Teatro de los Elementos","url":"https:\/\/teatroloselementos.cult.cu\/","logo":{"@type":"ImageObject","inLanguage":"es","@id":"https:\/\/teatroloselementos.cult.cu\/#\/schema\/logo\/image\/","url":"https:\/\/teatroloselementos.cult.cu\/wp-content\/uploads\/2022\/11\/baner-2.jpg","contentUrl":"https:\/\/teatroloselementos.cult.cu\/wp-content\/uploads\/2022\/11\/baner-2.jpg","width":1100,"height":200,"caption":"Teatro de los  Elementos"},"image":{"@id":"https:\/\/teatroloselementos.cult.cu\/#\/schema\/logo\/image\/"}}]}},"_links":{"self":[{"href":"https:\/\/teatroloselementos.cult.cu\/index.php\/wp-json\/wp\/v2\/pages\/185","targetHints":{"allow":["GET"]}}],"collection":[{"href":"https:\/\/teatroloselementos.cult.cu\/index.php\/wp-json\/wp\/v2\/pages"}],"about":[{"href":"https:\/\/teatroloselementos.cult.cu\/index.php\/wp-json\/wp\/v2\/types\/page"}],"author":[{"embeddable":true,"href":"https:\/\/teatroloselementos.cult.cu\/index.php\/wp-json\/wp\/v2\/users\/1"}],"replies":[{"embeddable":true,"href":"https:\/\/teatroloselementos.cult.cu\/index.php\/wp-json\/wp\/v2\/comments?post=185"}],"version-history":[{"count":3,"href":"https:\/\/teatroloselementos.cult.cu\/index.php\/wp-json\/wp\/v2\/pages\/185\/revisions"}],"predecessor-version":[{"id":2543,"href":"https:\/\/teatroloselementos.cult.cu\/index.php\/wp-json\/wp\/v2\/pages\/185\/revisions\/2543"}],"wp:attachment":[{"href":"https:\/\/teatroloselementos.cult.cu\/index.php\/wp-json\/wp\/v2\/media?parent=185"}],"curies":[{"name":"wp","href":"https:\/\/api.w.org\/{rel}","templated":true}]}}