{"id":574,"date":"2022-06-27T16:24:13","date_gmt":"2022-06-27T16:24:13","guid":{"rendered":"http:\/\/localhost\/teatrodeloselementos2\/?page_id=574"},"modified":"2023-03-01T18:15:28","modified_gmt":"2023-03-01T18:15:28","slug":"producciones","status":"publish","type":"page","link":"https:\/\/teatroloselementos.cult.cu\/index.php\/producciones\/","title":{"rendered":"Producciones"},"content":{"rendered":"<h3><strong>Producciones Teatrales Comunitarias<\/strong><\/h3>\n<p>1. \u201cTres Brujas, una Compa\u00f1\u00eda y un Barrio con Nombre de Flor\u201d. Creaci\u00f3n Colectiva, Barrio Romerillo. 1991 , Ciudad Habana. Espect\u00e1culo que recrea\u00a0 conflictos de la barriada.<\/p>\n<p>2. \u201cHistorias de Jacksonville\u201d. Creaci\u00f3n colectiva .1992. Barrio\u00a0 Cocodrilo, Isla de la Juventud. Registro de\u00a0 la memoria de los inmigrantes de Islas Caim\u00e1n.<\/p>\n<p>3. \u201cDe C\u00f3mo se Funda un Barrio\u201d. Creaci\u00f3n colectiva. 1993. Reparto MICONS, Isla de la Juventud. Espect\u00e1culos de como se funda un barrio.<\/p>\n<p>4. \u201cMackandal Sauve \u00f3 Historias de la Vida y la Muerte de Mackandal\u201d. Dramaturgia: F\u00e9lix Liz\u00e1rraga. Direcci\u00f3n: Jos\u00e9 Oriol. Junio de 1993. Comunidad de Barrancas. Santiago de Cuba. Espect\u00e1culo en el que se recrea el mito de la RESURRECCI\u00d3N. Se moviliza al grupo de origen haitiano \u201cRa ra la Fleur\u201d.<\/p>\n<p>5. \u201cPasacalles Uno\u201d. Creaci\u00f3n Colectiva, dirigida por Jos\u00e9 Oriol. Agosto de 1995. Representado en el Boullevar de Cienfuegos. Espect\u00e1culo de calle.<\/p>\n<p>6. \u201cLa\u00a0<a href=\"http:\/\/www.teatroloselementos.cult.cu\/historia\/\">Historia<\/a> de un Pueblo\u201d. Direcci\u00f3n: Jos\u00e9 Oriol. Pasacalles\u00a0 que moviliz\u00f3\u00a0 Cumanayagua. 3 de Mayo de 1995 .Recrea la memoria del poblado.<\/p>\n<p>7. \u201cVivimos Sobre el Mismo Cielo, Estamos Sobre la Misma Tierra\u201d. Creaci\u00f3n colectiva desarrollada con el Proyecto QUINOA de B\u00e9lgica. Estrenado en el Jovero, Diciembre de 1995 y presentado en la Casa de Cultura de Cumanayagua y la Escuela Especial de Trinidad en Enero de 1996.<\/p>\n<p>8. \u201cEl Bosque y los P\u00e1jaros\u201d. Creaci\u00f3n del promotor cultural de Teatro de los Elementos en la comunidad Cultural Agr\u00edcola del Jovero sobre los textos de Ricardo Mu\u00f1oz Caravaca. Escenificado con los ni\u00f1os de la propia comunidad y representado durante parte del a\u00f1o 2001 y todo el a\u00f1o 2002.<\/p>\n<p>9. \u201cBrillante o el Toro Rojo de la Loma\u201d. Tesis de grado del promotor cultural, Eduardo del Toro Roca. Comunidad teatral del Jovero.<\/p>\n<p>10. \u201cCienfuegos, Patrimonio de la Humanidad\u201d.Direcci\u00f3n Jos\u00e9 Oriol Gonz\u00e1lez.\u00a0 Cienfuegos\u00a0 2005. Entrega de la condici\u00f3n\u00a0 Patrimonio de la Humanidad<\/p>\n<p>11. \u00a8La Ola que nos lleva\u00a8. Creaci\u00f3n colectiva. Espect\u00e1culo de m\u00fasica, canciones , poemas para sala y espacios flexibles. 2006.<\/p>\n<p>12. \u00a8Arco\u00edris\u00a8. Autor Yanni Pozo, Direcci\u00f3n Jos\u00e9 Oriol Gonz\u00e1lez. 2007 , Espect\u00e1culos de teatro Arena para sala y espacios flexibles.<\/p>\n<p>13. \u00a8Gallo Electr\u00f3nico\u00a8. Autor Yerandi Fleites. Direcci\u00f3n Jos\u00e9 Oriol Gonz\u00e1lez. Espect\u00e1culo infantil para sala y espacios flexibles.2008<\/p>\n<h3><strong>Espect\u00e1culos Profesionales de Salas y Espacios Abiertos<\/strong><\/h3>\n<p>1. \u201cDe la Misteriosa Visita de Don Quijote a Santiago\u201d. Dramaturgia: Norge Espinosa. Direcci\u00f3n: Jos\u00e9 Oriol. Estrenado en el Parque C\u00e9spedes de Santiago de Cuba durante la Fiesta del Fuego del 1993. Es un \u201ca prop\u00f3sito\u201d escrito en versos que se representa en espacio abierto con todos\u00a0<a href=\"http:\/\/www.teatroloselementos.cult.cu\/los-actores\/\">los actores<\/a>\u00a0sobre zancos.<\/p>\n<p>2. \u201cFarsa Maravillosa del Gato con Botas\u201d. Dramaturgia: F\u00e9lix Liz\u00e1rraga. Adaptaci\u00f3n de los cuentos de Perrau. Direcci\u00f3n: Jos\u00e9 Oriol. Estrenado en Febrero de 1994 en la Casa de la Obra P\u00eda durante el Festival de la ASITEJ.<\/p>\n<p>3. \u201cInmigrantes\u201d. Espect\u00e1culo de Creaci\u00f3n Colectiva dirigido por Jos\u00e9 Oriol Gonz\u00e1lez. Estrenado en el Teatro Terry de Cienfuegos en febrero de 1996. Espect\u00e1culo de\u00a0<a href=\"http:\/\/www.teatroloselementos.cult.cu\/experimentacion-teatral\/\">Experimentaci\u00f3n Teatral<\/a>.<\/p>\n<p>4. \u201cAfrohistoria\u201d. Espect\u00e1culo escrito, dirigido y actuado por Juan Bautista Castillo Poll. Estrenado en marzo de 1997 en Cumanayagua. Espect\u00e1culo folcl\u00f3rico.<\/p>\n<p>5. \u201cMuchacha Comi\u00e9ndose el Coraz\u00f3n de un Caballo\u201d. Espect\u00e1culo de creaci\u00f3n colectiva, estrenado el 17 de octubre de 1998 en la sede del grupo Korimakao, Ci\u00e9naga de Zapata. Matanzas, como parte de la inauguraci\u00f3n del Congreso Comunidad \u201c98\u201d. Espect\u00e1culo Comunitario.<\/p>\n<p>6. \u201cTen Mi Nombre Como Un Sue\u00f1o\u201d. Creaci\u00f3n colectiva. Espect\u00e1culo escrito por Atilio J. Caballero y dirigido por Jos\u00e9 Oriol Gonz\u00e1lez, estrenado en septiembre de 1999.<\/p>\n<p>7. \u201cConfabulario\u201d. Espect\u00e1culo inspirado en las F\u00e1bulas de Esopo. Direcci\u00f3n Atilio Caballero. Estrenado el 24 de julio del 2000, Cienfuegos.<\/p>\n<p>8. \u00a8Monta\u00f1eses\u00a8. Espect\u00e1culo itinerante representado en la Comunidad Cultural. Autor Atilio Caballero\u00a0 y dirigido por Jos\u00e9 Oriol Gonz\u00e1lez. 2016.<\/p>\n<p>9. \u00a8Yepeto\u00a8. Espect\u00e1culo de sala. Autor Roberto Cossa. Direcci\u00f3n Eloy Ganuza Santos. 2022<\/p>\n<p>10.\u00a0 \u00a8Palabras Encadenadas\u00a8. Espect\u00e1culo de sala. Autor Jordi Galcer\u00e1n. Direcci\u00f3n Eloy Ganuza Santos. 2022<\/p>\n","protected":false},"excerpt":{"rendered":"<p>Producciones Teatrales Comunitarias 1. \u201cTres Brujas, una Compa\u00f1\u00eda y un Barrio con Nombre de Flor\u201d. Creaci\u00f3n Colectiva, Barrio Romerillo. 1991<\/p>\n","protected":false},"author":1,"featured_media":0,"parent":0,"menu_order":0,"comment_status":"closed","ping_status":"closed","template":"","meta":{"footnotes":""},"class_list":["post-574","page","type-page","status-publish","hentry"],"yoast_head":"<!-- This site is optimized with the Yoast SEO plugin v20.9 - https:\/\/yoast.com\/wordpress\/plugins\/seo\/ -->\n<title>Producciones - Teatro de los Elementos<\/title>\n<meta name=\"robots\" content=\"index, follow, max-snippet:-1, max-image-preview:large, max-video-preview:-1\" \/>\n<link rel=\"canonical\" href=\"https:\/\/teatroloselementos.cult.cu\/index.php\/producciones\/\" \/>\n<meta property=\"og:locale\" content=\"es_ES\" \/>\n<meta property=\"og:type\" content=\"article\" \/>\n<meta property=\"og:title\" content=\"Producciones - Teatro de los Elementos\" \/>\n<meta property=\"og:description\" content=\"Producciones Teatrales Comunitarias 1. \u201cTres Brujas, una Compa\u00f1\u00eda y un Barrio con Nombre de Flor\u201d. Creaci\u00f3n Colectiva, Barrio Romerillo. 1991\" \/>\n<meta property=\"og:url\" content=\"https:\/\/teatroloselementos.cult.cu\/index.php\/producciones\/\" \/>\n<meta property=\"og:site_name\" content=\"Teatro de los Elementos\" \/>\n<meta property=\"article:modified_time\" content=\"2023-03-01T18:15:28+00:00\" \/>\n<meta name=\"twitter:card\" content=\"summary_large_image\" \/>\n<meta name=\"twitter:label1\" content=\"Tiempo de lectura\" \/>\n\t<meta name=\"twitter:data1\" content=\"3 minutos\" \/>\n<script type=\"application\/ld+json\" class=\"yoast-schema-graph\">{\"@context\":\"https:\/\/schema.org\",\"@graph\":[{\"@type\":\"WebPage\",\"@id\":\"https:\/\/teatroloselementos.cult.cu\/index.php\/producciones\/\",\"url\":\"https:\/\/teatroloselementos.cult.cu\/index.php\/producciones\/\",\"name\":\"Producciones - Teatro de los Elementos\",\"isPartOf\":{\"@id\":\"https:\/\/teatroloselementos.cult.cu\/#website\"},\"datePublished\":\"2022-06-27T16:24:13+00:00\",\"dateModified\":\"2023-03-01T18:15:28+00:00\",\"breadcrumb\":{\"@id\":\"https:\/\/teatroloselementos.cult.cu\/index.php\/producciones\/#breadcrumb\"},\"inLanguage\":\"es\",\"potentialAction\":[{\"@type\":\"ReadAction\",\"target\":[\"https:\/\/teatroloselementos.cult.cu\/index.php\/producciones\/\"]}]},{\"@type\":\"BreadcrumbList\",\"@id\":\"https:\/\/teatroloselementos.cult.cu\/index.php\/producciones\/#breadcrumb\",\"itemListElement\":[{\"@type\":\"ListItem\",\"position\":1,\"name\":\"Portada\",\"item\":\"https:\/\/teatroloselementos.cult.cu\/\"},{\"@type\":\"ListItem\",\"position\":2,\"name\":\"Producciones\"}]},{\"@type\":\"WebSite\",\"@id\":\"https:\/\/teatroloselementos.cult.cu\/#website\",\"url\":\"https:\/\/teatroloselementos.cult.cu\/\",\"name\":\"Teatro de los Elementos\",\"description\":\"\",\"publisher\":{\"@id\":\"https:\/\/teatroloselementos.cult.cu\/#organization\"},\"potentialAction\":[{\"@type\":\"SearchAction\",\"target\":{\"@type\":\"EntryPoint\",\"urlTemplate\":\"https:\/\/teatroloselementos.cult.cu\/?s={search_term_string}\"},\"query-input\":\"required name=search_term_string\"}],\"inLanguage\":\"es\"},{\"@type\":\"Organization\",\"@id\":\"https:\/\/teatroloselementos.cult.cu\/#organization\",\"name\":\"Teatro de los Elementos\",\"url\":\"https:\/\/teatroloselementos.cult.cu\/\",\"logo\":{\"@type\":\"ImageObject\",\"inLanguage\":\"es\",\"@id\":\"https:\/\/teatroloselementos.cult.cu\/#\/schema\/logo\/image\/\",\"url\":\"https:\/\/teatroloselementos.cult.cu\/wp-content\/uploads\/2022\/11\/baner-2.jpg\",\"contentUrl\":\"https:\/\/teatroloselementos.cult.cu\/wp-content\/uploads\/2022\/11\/baner-2.jpg\",\"width\":1100,\"height\":200,\"caption\":\"Teatro de los  Elementos\"},\"image\":{\"@id\":\"https:\/\/teatroloselementos.cult.cu\/#\/schema\/logo\/image\/\"}}]}<\/script>\n<!-- \/ Yoast SEO plugin. -->","yoast_head_json":{"title":"Producciones - Teatro de los Elementos","robots":{"index":"index","follow":"follow","max-snippet":"max-snippet:-1","max-image-preview":"max-image-preview:large","max-video-preview":"max-video-preview:-1"},"canonical":"https:\/\/teatroloselementos.cult.cu\/index.php\/producciones\/","og_locale":"es_ES","og_type":"article","og_title":"Producciones - Teatro de los Elementos","og_description":"Producciones Teatrales Comunitarias 1. \u201cTres Brujas, una Compa\u00f1\u00eda y un Barrio con Nombre de Flor\u201d. Creaci\u00f3n Colectiva, Barrio Romerillo. 1991","og_url":"https:\/\/teatroloselementos.cult.cu\/index.php\/producciones\/","og_site_name":"Teatro de los Elementos","article_modified_time":"2023-03-01T18:15:28+00:00","twitter_card":"summary_large_image","twitter_misc":{"Tiempo de lectura":"3 minutos"},"schema":{"@context":"https:\/\/schema.org","@graph":[{"@type":"WebPage","@id":"https:\/\/teatroloselementos.cult.cu\/index.php\/producciones\/","url":"https:\/\/teatroloselementos.cult.cu\/index.php\/producciones\/","name":"Producciones - Teatro de los Elementos","isPartOf":{"@id":"https:\/\/teatroloselementos.cult.cu\/#website"},"datePublished":"2022-06-27T16:24:13+00:00","dateModified":"2023-03-01T18:15:28+00:00","breadcrumb":{"@id":"https:\/\/teatroloselementos.cult.cu\/index.php\/producciones\/#breadcrumb"},"inLanguage":"es","potentialAction":[{"@type":"ReadAction","target":["https:\/\/teatroloselementos.cult.cu\/index.php\/producciones\/"]}]},{"@type":"BreadcrumbList","@id":"https:\/\/teatroloselementos.cult.cu\/index.php\/producciones\/#breadcrumb","itemListElement":[{"@type":"ListItem","position":1,"name":"Portada","item":"https:\/\/teatroloselementos.cult.cu\/"},{"@type":"ListItem","position":2,"name":"Producciones"}]},{"@type":"WebSite","@id":"https:\/\/teatroloselementos.cult.cu\/#website","url":"https:\/\/teatroloselementos.cult.cu\/","name":"Teatro de los Elementos","description":"","publisher":{"@id":"https:\/\/teatroloselementos.cult.cu\/#organization"},"potentialAction":[{"@type":"SearchAction","target":{"@type":"EntryPoint","urlTemplate":"https:\/\/teatroloselementos.cult.cu\/?s={search_term_string}"},"query-input":"required name=search_term_string"}],"inLanguage":"es"},{"@type":"Organization","@id":"https:\/\/teatroloselementos.cult.cu\/#organization","name":"Teatro de los Elementos","url":"https:\/\/teatroloselementos.cult.cu\/","logo":{"@type":"ImageObject","inLanguage":"es","@id":"https:\/\/teatroloselementos.cult.cu\/#\/schema\/logo\/image\/","url":"https:\/\/teatroloselementos.cult.cu\/wp-content\/uploads\/2022\/11\/baner-2.jpg","contentUrl":"https:\/\/teatroloselementos.cult.cu\/wp-content\/uploads\/2022\/11\/baner-2.jpg","width":1100,"height":200,"caption":"Teatro de los  Elementos"},"image":{"@id":"https:\/\/teatroloselementos.cult.cu\/#\/schema\/logo\/image\/"}}]}},"_links":{"self":[{"href":"https:\/\/teatroloselementos.cult.cu\/index.php\/wp-json\/wp\/v2\/pages\/574","targetHints":{"allow":["GET"]}}],"collection":[{"href":"https:\/\/teatroloselementos.cult.cu\/index.php\/wp-json\/wp\/v2\/pages"}],"about":[{"href":"https:\/\/teatroloselementos.cult.cu\/index.php\/wp-json\/wp\/v2\/types\/page"}],"author":[{"embeddable":true,"href":"https:\/\/teatroloselementos.cult.cu\/index.php\/wp-json\/wp\/v2\/users\/1"}],"replies":[{"embeddable":true,"href":"https:\/\/teatroloselementos.cult.cu\/index.php\/wp-json\/wp\/v2\/comments?post=574"}],"version-history":[{"count":8,"href":"https:\/\/teatroloselementos.cult.cu\/index.php\/wp-json\/wp\/v2\/pages\/574\/revisions"}],"predecessor-version":[{"id":2530,"href":"https:\/\/teatroloselementos.cult.cu\/index.php\/wp-json\/wp\/v2\/pages\/574\/revisions\/2530"}],"wp:attachment":[{"href":"https:\/\/teatroloselementos.cult.cu\/index.php\/wp-json\/wp\/v2\/media?parent=574"}],"curies":[{"name":"wp","href":"https:\/\/api.w.org\/{rel}","templated":true}]}}